{"id":508,"date":"2021-09-30T15:25:05","date_gmt":"2021-09-30T13:25:05","guid":{"rendered":"https:\/\/www.assotecnoservice.com\/home\/"},"modified":"2023-02-21T14:52:09","modified_gmt":"2023-02-21T13:52:09","slug":"home","status":"publish","type":"page","link":"https:\/\/assotecnoservice.publifarm.com\/es\/","title":{"rendered":"Home"},"content":{"rendered":"<section id=\"customlink_block-block_227b803b2df11fcda783bf5136d54352\" class=\"block_video_banner fadeOnScreen\">\n<div class=\"inner_wrp\">\n    <iframe class=\"hide_mob\" src=\"https:\/\/www.youtube.com\/embed\/6L3c2LAocOM?version=3&#038;modestbranding=0&#038;controls=0&#038;cc_load_policy=0&#038;autoplay=1&#038;mute=1&#038;rel=0&#038;playsinline=0&#038;loop=1&#038;playlist=6L3c2LAocOM\"><\/iframe>\n<\/div>\n            <img decoding=\"async\" src=\"https:\/\/assotecnoservice.publifarm.com\/wp-content\/uploads\/2023\/02\/es.jpg\" alt=\"\" class=\"background-image hide_desk\" \/>\n    <div class=\"container video_caption_wrp\" >\n        <div class=\"row\">\n                          <h1>Mantener intacta la <strong>cadena del fr\u00edo <\/strong><br\/>es esencial para la <strong>seguridad alimentaria<\/strong>.<\/h1>                    <\/div>      \n    <\/div>\n<\/section>\n\n\n<section id=\"customlink_block-block_8f21f7deceff4db48b2205dec472a30e\" class=\" block_banner_testuale fadeOnScreen  block_margin_top  \" style=\" background-color:#002551;    max-width:1140px;; margin-left: auto; margin-right: auto;\">\n        <div class=\"container  \" >\n        <div class=\"row  titolo_e_testo_affiancato \"> \n            <div class=\"col col-sm-12 cat_wrp\">\n                               <small>NOSOTROS<\/small>\n                            \n            <\/div>\n        <div class=\"text_wrp_title col col-md-6 col-sm-12\" style=\" color:#ffffff; \">\n                                   <h2>Asso Tecno Service<br\/>estaci\u00f3n de prueba<br\/>ATP 6 a\u00f1os<\/h2>\n                            <\/div>\n            <div class=\"text_wrp col col-md-6 col-sm-12\" style=\" color:#ffffff; \">\n                                   <p>Asso Tecno Service realiza las pruebas de los veh\u00edculos destinados al transporte de alimentos perecederos en r\u00e9gimen ATP en t\u00faneles isot\u00e9rmicos de alta tecnolog\u00eda: verifica el coeficiente de transmisi\u00f3n t\u00e9rmica K de la c\u00e9lula isot\u00e9rmica monitorizando todo el proceso de ejecuci\u00f3n en tiempo real.<\/p>\n                            <\/div>\n                            <div class=\"btn_wrp col col-md-12 col-sm-12\">\n                    <button class=\"standard_btn_full\"><a href=\"https:\/\/assotecnoservice.publifarm.com\/es\/nosotros\">M\u00e1s informaci\u00f3n<\/a><\/button>\n                <\/div>\n                    <\/div>      \n    <\/div>\n<\/section>\n\n\n<section id=\"customlink_block-block_68903ef117786b1a7571e870e7c9de53\" class=\" block_banner_testo_e_immagini_affiancate fadeOnScreen  block_margin_top  \" style=\" background-color:#fafafa; \">\n    <div class=\"container-fluid\">\n        <div class=\"row Immagine_testo\">\n            <div class=\"text_wrp col col-md-6 col-sm-12\">\n                              <h2> Servicios<\/h2>\n                                                   <p>Asso Tecno Service prueba los veh\u00edculos destinados al transporte de alimentos perecederos y comprueba su eficiencia isot\u00e9rmica. Realizamos pruebas ATP de 6 a\u00f1os en t\u00faneles isot\u00e9rmicos especiales de \u00faltima generaci\u00f3n seg\u00fan la norma internacional ATP (Accord relatif aux transports internationaux de denr\u00e9es p\u00e9rissables et aux engins sp\u00e9ciaux \u00e0 utiliser pour ces transports).<\/p>\n                                                    <button class=\"standard_btn_full\"><a href=\"https:\/\/assotecnoservice.publifarm.com\/es\/servicios\">M\u00e1s informaci\u00f3n<\/a><\/button>\n                            <\/div>\n            <div class=\"img_wrp col col-md-6 col-sm-12 zero_padding_left\">\n                                <img decoding=\"async\" src=\"https:\/\/assotecnoservice.publifarm.com\/wp-content\/uploads\/2021\/10\/Servizi-scaled.jpg\" alt=\"\" \/>\n                            <\/div>\n        <\/div>      \n    <\/div>\n<\/section>\n\n\n\n\n\n<section id=\"customlink_block-block_bd4209ce388a7e980d3a598cbbbb531d\" class=\" block_banner_testuale fadeOnScreen  \" style=\" background-color:#002551;   \">\n        <div class=\"container  \" >\n        <div class=\"row   titolo_e_testo_non_affiancato \"> \n            <div class=\"col col-sm-12 cat_wrp\">\n                        \n            <\/div>\n        <div class=\"text_wrp_title col col-md-6 col-sm-12\" style=\" color:#ffffff; \">\n                            <\/div>\n            <div class=\"text_wrp col col-md-6 col-sm-12\" style=\" color:#ffffff; \">\n                                   <h3 style=\"text-align: center;\">Juntarse es un inicio, permanecer juntos<br \/>\nes un progreso, trabajar juntos es un \u00e9xito<\/h3>\n<p>&nbsp;<\/p>\n<p style=\"text-align: center;\"><span style=\"color: #4b8cb8;\"><small>HENRY FORD<\/small><\/span><\/p>\n                            <\/div>\n                    <\/div>      \n    <\/div>\n<\/section>\n\n\n<section id=\"customlink_block-block_d72e147f31b2a05109b69c90a51ed2a0\" class=\" block_banner_testo_e_immagini_affiancate fadeOnScreen   block_margin_bottom \" style=\" background-color:#fafafa; \">\n    <div class=\"container-fluid\">\n        <div class=\"row testo_immagine\">\n            <div class=\"text_wrp col col-md-6 col-sm-12\">\n                              <h2> M\u00e9todo<\/h2>\n                                                   <p>Desde el primer contacto, optimizamos el tiempo de reserva y ejecuci\u00f3n de la prueba. Vosotros siempre sois lo primero: podemos ofreceros un servicio 24 horas al d\u00eda, 7 d\u00edas a la semana.<\/p>\n                                                    <button class=\"standard_btn_full\"><a href=\"https:\/\/assotecnoservice.publifarm.com\/es\/contactos\">M\u00e1s informaci\u00f3n<\/a><\/button>\n                            <\/div>\n            <div class=\"img_wrp col col-md-6 col-sm-12 zero_padding_left\">\n                                <img decoding=\"async\" src=\"https:\/\/assotecnoservice.publifarm.com\/wp-content\/uploads\/2021\/10\/Metodo_home.jpg\" alt=\"\" \/>\n                            <\/div>\n        <\/div>      \n    <\/div>\n<\/section>\n\n\n\n\n\n<div class=\"wpcf7 no-js\" id=\"wpcf7-f525-o1\" lang=\"es-ES\" dir=\"ltr\" data-wpcf7-id=\"525\">\n<div class=\"screen-reader-response\"><p role=\"status\" aria-live=\"polite\" aria-atomic=\"true\"><\/p> <ul><\/ul><\/div>\n<form action=\"\/es\/wp-json\/wp\/v2\/pages\/508#wpcf7-f525-o1\" method=\"post\" class=\"wpcf7-form init\" aria-label=\"Contact form\" enctype=\"multipart\/form-data\" novalidate=\"novalidate\" data-status=\"init\">\n<fieldset class=\"hidden-fields-container\"><input type=\"hidden\" name=\"_wpcf7\" value=\"525\" \/><input type=\"hidden\" name=\"_wpcf7_version\" value=\"6.1.5\" \/><input type=\"hidden\" name=\"_wpcf7_locale\" value=\"es_ES\" \/><input type=\"hidden\" name=\"_wpcf7_unit_tag\" value=\"wpcf7-f525-o1\" \/><input type=\"hidden\" name=\"_wpcf7_container_post\" value=\"0\" \/><input type=\"hidden\" name=\"_wpcf7_posted_data_hash\" value=\"\" \/>\n<\/fieldset>\n<div class=\"container\">\n\t<div class=\"row\">\n\t\t<div class=\"col col-md-12 col-sm-12\">\n\t\t\t<h2 class=\"conts_title_banner\">Solicita un presupuesto\n\t\t\t<\/h2>\n\t\t<\/div>\n\t\t<div class=\"col col-md-4 col-sm-12\">\n\t\t\t<p><span class=\"wpcf7-form-control-wrap\" data-name=\"nome\"><input size=\"40\" maxlength=\"400\" class=\"wpcf7-form-control wpcf7-text\" aria-invalid=\"false\" placeholder=\"Nombre*\" value=\"\" type=\"text\" name=\"nome\" \/><\/span>\n\t\t\t<\/p>\n\t\t<\/div>\n\t\t<div class=\"col col-md-4 col-sm-12\">\n\t\t\t<p><span class=\"wpcf7-form-control-wrap\" data-name=\"Cognome\"><input size=\"40\" maxlength=\"400\" class=\"wpcf7-form-control wpcf7-text\" aria-invalid=\"false\" placeholder=\"Apellido*\" value=\"\" type=\"text\" name=\"Cognome\" \/><\/span>\n\t\t\t<\/p>\n\t\t<\/div>\n\t\t<div class=\"col col-md-4 col-sm-12\">\n\t\t\t<p><span class=\"wpcf7-form-control-wrap\" data-name=\"Azienda\"><input size=\"40\" maxlength=\"400\" class=\"wpcf7-form-control wpcf7-text\" aria-invalid=\"false\" placeholder=\"Empresa*\" value=\"\" type=\"text\" name=\"Azienda\" \/><\/span>\n\t\t\t<\/p>\n\t\t<\/div>\n\t<\/div>\n\t<div class=\"row\">\n\t\t<div class=\"col col-md-4 col-sm-12\">\n\t\t\t<p><span class=\"wpcf7-form-control-wrap\" data-name=\"Telefono\"><input size=\"40\" maxlength=\"400\" class=\"wpcf7-form-control wpcf7-tel wpcf7-text wpcf7-validates-as-tel\" aria-invalid=\"false\" placeholder=\"Tel\u00e9fono*\" value=\"\" type=\"tel\" name=\"Telefono\" \/><\/span>\n\t\t\t<\/p>\n\t\t<\/div>\n\t\t<div class=\"col col-md-8 col-sm-12\">\n\t\t\t<p><span class=\"wpcf7-form-control-wrap\" data-name=\"email\"><input size=\"40\" maxlength=\"400\" class=\"wpcf7-form-control wpcf7-email wpcf7-text wpcf7-validates-as-email\" aria-invalid=\"false\" placeholder=\"Correo electr\u00f3nico*\" value=\"\" type=\"email\" name=\"email\" \/><\/span>\n\t\t\t<\/p>\n\t\t<\/div>\n\t<\/div>\n\t<div class=\"row\">\n\t\t<div class=\"col col-md-4 col-sm-12\">\n\t\t\t<p><label>N\u00famero de matr\u00edcula* <span class=\"wpcf7-form-control-wrap\" data-name=\"Numeroditarga\"><input size=\"40\" class=\"wpcf7-form-control wpcf7-file wpcf7-validates-as-required\" accept=\"audio\/*,video\/*,image\/*\" aria-required=\"true\" aria-invalid=\"false\" type=\"file\" name=\"Numeroditarga\" \/><\/span><\/label>\n\t\t\t<\/p>\n\t\t<\/div>\n\t\t<div class=\"col col-md-4 col-sm-12\">\n\t\t\t<p><label>Escaneo ATP a punto de expirar* <span class=\"wpcf7-form-control-wrap\" data-name=\"ScansioneAT\"><input size=\"40\" class=\"wpcf7-form-control wpcf7-file wpcf7-validates-as-required\" accept=\"audio\/*,video\/*,image\/*\" aria-required=\"true\" aria-invalid=\"false\" type=\"file\" name=\"ScansioneAT\" \/><\/span> <\/label>\n\t\t\t<\/p>\n\t\t<\/div>\n\t\t<div class=\"col col-md-4 col-sm-12\">\n\t\t\t<p><label>Permiso de circulaci\u00f3n* <span class=\"wpcf7-form-control-wrap\" data-name=\"Librettodicircolazione\"><input size=\"40\" class=\"wpcf7-form-control wpcf7-file wpcf7-validates-as-required\" accept=\"audio\/*,video\/*,image\/*\" aria-required=\"true\" aria-invalid=\"false\" type=\"file\" name=\"Librettodicircolazione\" \/><\/span> <\/label>\n\t\t\t<\/p>\n\t\t<\/div>\n\t<\/div>\n\t<div class=\"row\">\n\t\t<div class=\"col col-sm-12\">\n\t\t\t<p><span class=\"wpcf7-form-control-wrap\" data-name=\"messaggio\"><textarea cols=\"40\" rows=\"10\" maxlength=\"2000\" class=\"wpcf7-form-control wpcf7-textarea\" aria-invalid=\"false\" placeholder=\"Mensaje\" name=\"messaggio\"><\/textarea><\/span>\n\t\t\t<\/p>\n\t\t<\/div>\n\t<\/div>\n\t<div class=\"row\">\n\t\t<div class=\"col col-sm-12 col-md-8 acceptance_wrp\">\n\t\t\t<p><span class=\"wpcf7-form-control-wrap\" data-name=\"privacy\"><span class=\"wpcf7-form-control wpcf7-acceptance\"><span class=\"wpcf7-list-item\"><input type=\"checkbox\" name=\"privacy\" value=\"1\" aria-invalid=\"false\" \/><\/span><\/span><\/span> He le\u00eddo la <a style=\"margin-bottom: -10px;\" href=\"https:\/\/assotecnoservice.publifarm.com\/wp-content\/uploads\/2023\/02\/privacy_policy_assotecnoservice_eng.pdf\" class=\"iubenda-white no-brand iubenda-noiframe  iubenda-noiframe iubenda-nostyle standard_link\" title=\"Privacy Policy \" target=\"_blank\"> Pol\u00edtica de privacidad<\/a>\n\t\t\t<\/p>\n\n<!--<script type=\"text\/javascript\">(function (w,d) {var loader = function () {var s = d.createElement(\"script\"), tag = d.getElementsByTagName(\"script\")[0]; s.src=\"https:\/\/cdn.iubenda.com\/iubenda.js\"; tag.parentNode.insertBefore(s,tag);}; if(w.addEventListener){w.addEventListener(\"load\", loader, false);}else if(w.attachEvent){w.attachEvent(\"onload\", loader);}else{w.onload = loader;}})(window, document);<\/script>-->\n\t\t<\/div>\n\t\t<div class=\"col col-sm-12 col-md-8 acceptance_wrp\">\n\t\t\t<p><span class=\"wpcf7-form-control-wrap\" data-name=\"cookie\"><span class=\"wpcf7-form-control wpcf7-acceptance\"><span class=\"wpcf7-list-item\"><input type=\"checkbox\" name=\"cookie\" value=\"1\" aria-invalid=\"false\" \/><\/span><\/span><\/span> Autorizaci\u00f3n para el <a style=\"margin-bottom: -10px;\" href=\"https:\/\/assotecnoservice.publifarm.com\/cookie-policy\/\" class=\"iubenda-white no-brand iubenda-noiframe iubenda-embed iubenda-noiframe iubenda-nostyle standard_link\" title=\"Cookie Policy \">tratamiento de datos personales<\/a>\n\t\t\t<\/p>\n\n<!--<script type=\"text\/javascript\">(function (w,d) {var loader = function () {var s = d.createElement(\"script\"), tag = d.getElementsByTagName(\"script\")[0]; s.src=\"https:\/\/cdn.iubenda.com\/iubenda.js\"; tag.parentNode.insertBefore(s,tag);}; if(w.addEventListener){w.addEventListener(\"load\", loader, false);}else if(w.attachEvent){w.attachEvent(\"onload\", loader);}else{w.onload = loader;}})(window, document);<\/script>-->\n\t\t<\/div>\n\t\t<div class=\"col col-sm-12 col-md-4\">\n\t\t\t<p><input class=\"wpcf7-form-control wpcf7-submit has-spinner\" type=\"submit\" value=\"Enviar\" \/>\n\t\t\t<\/p>\n\t\t<\/div>\n\t<\/div>\n<\/div><p style=\"display: none !important;\" class=\"akismet-fields-container\" data-prefix=\"_wpcf7_ak_\"><label>&#916;<textarea name=\"_wpcf7_ak_hp_textarea\" cols=\"45\" rows=\"8\" maxlength=\"100\"><\/textarea><\/label><input type=\"hidden\" id=\"ak_js_1\" name=\"_wpcf7_ak_js\" value=\"242\"\/><script>document.getElementById( \"ak_js_1\" ).setAttribute( \"value\", ( new Date() ).getTime() );<\/script><\/p><div class=\"wpcf7-response-output\" aria-hidden=\"true\"><\/div>\n<\/form>\n<\/div>\n\n\n\n\n<p><\/p>\n","protected":false},"excerpt":{"rendered":"","protected":false},"author":1,"featured_media":0,"parent":0,"menu_order":0,"comment_status":"closed","ping_status":"closed","template":"","meta":{"_acf_changed":false,"inline_featured_image":false,"footnotes":""},"class_list":["post-508","page","type-page","status-publish","hentry"],"acf":[],"yoast_head":"<!-- This site is optimized with the Yoast SEO plugin v27.0 - https:\/\/yoast.com\/product\/yoast-seo-wordpress\/ -->\n<title>Collaudi e Rinnovi ATP Certificati - Asso Tecno Service<\/title>\n<meta name=\"description\" content=\"Asso Tecno Service \u00e8 da 30 anni leader nel settore di collaudi e rinnovi ATP certificati su mezzi per il trasporto di derrate deteriorabili.\" \/>\n<meta name=\"robots\" content=\"index, follow, max-snippet:-1, max-image-preview:large, max-video-preview:-1\" \/>\n<link rel=\"canonical\" href=\"https:\/\/assotecnoservice.publifarm.com\/es\/\" \/>\n<meta property=\"og:locale\" content=\"es_ES\" \/>\n<meta property=\"og:type\" content=\"article\" \/>\n<meta property=\"og:title\" content=\"Asso Tecno Service\" \/>\n<meta property=\"og:description\" content=\"Asso Tecno Service \u00e8 da 30 anni leader nel settore di collaudi e rinnovi ATP certificati su mezzi per il trasporto di derrate deteriorabili.\" \/>\n<meta property=\"og:url\" content=\"https:\/\/assotecnoservice.publifarm.com\/es\/\" \/>\n<meta property=\"og:site_name\" content=\"Asso Tecno Service\" \/>\n<meta property=\"article:modified_time\" content=\"2023-02-21T13:52:09+00:00\" \/>\n<meta property=\"og:image\" content=\"https:\/\/assotecnoservice.publifarm.com\/wp-content\/uploads\/2021\/10\/AssoTecnoService_logo_200x200.jpg\" \/>\n\t<meta property=\"og:image:width\" content=\"200\" \/>\n\t<meta property=\"og:image:height\" content=\"200\" \/>\n\t<meta property=\"og:image:type\" content=\"image\/jpeg\" \/>\n<meta name=\"twitter:card\" content=\"summary_large_image\" \/>\n<meta name=\"twitter:title\" content=\"Asso Tecno Service\" \/>\n<meta name=\"twitter:description\" content=\"Asso Tecno Service \u00e8 da 30 anni leader nel settore di collaudi e rinnovi ATP certificati su mezzi per il trasporto di derrate deteriorabili.\" \/>\n<meta name=\"twitter:image\" content=\"https:\/\/assotecnoservice.publifarm.com\/wp-content\/uploads\/2021\/10\/AssoTecnoService_logo_200x200.jpg\" \/>\n<meta name=\"twitter:label1\" content=\"Est. reading time\" \/>\n\t<meta name=\"twitter:data1\" content=\"1 minute\" \/>\n<script type=\"application\/ld+json\" class=\"yoast-schema-graph\">{\"@context\":\"https:\/\/schema.org\",\"@graph\":[{\"@type\":\"WebPage\",\"@id\":\"https:\/\/assotecnoservice.publifarm.com\/es\/\",\"url\":\"https:\/\/assotecnoservice.publifarm.com\/es\/\",\"name\":\"Collaudi e Rinnovi ATP Certificati - Asso Tecno Service\",\"isPartOf\":{\"@id\":\"https:\/\/assotecnoservice.publifarm.com\/es\/#website\"},\"datePublished\":\"2021-09-30T13:25:05+00:00\",\"dateModified\":\"2023-02-21T13:52:09+00:00\",\"description\":\"Asso Tecno Service \u00e8 da 30 anni leader nel settore di collaudi e rinnovi ATP certificati su mezzi per il trasporto di derrate deteriorabili.\",\"breadcrumb\":{\"@id\":\"https:\/\/assotecnoservice.publifarm.com\/es\/#breadcrumb\"},\"inLanguage\":\"es-ES\",\"potentialAction\":[{\"@type\":\"ReadAction\",\"target\":[\"https:\/\/assotecnoservice.publifarm.com\/es\/\"]}]},{\"@type\":\"BreadcrumbList\",\"@id\":\"https:\/\/assotecnoservice.publifarm.com\/es\/#breadcrumb\",\"itemListElement\":[{\"@type\":\"ListItem\",\"position\":1,\"name\":\"Home\",\"item\":\"https:\/\/assotecnoservice.publifarm.com\/es\/\"},{\"@type\":\"ListItem\",\"position\":2,\"name\":\"Home\"}]},{\"@type\":\"WebSite\",\"@id\":\"https:\/\/assotecnoservice.publifarm.com\/es\/#website\",\"url\":\"https:\/\/assotecnoservice.publifarm.com\/es\/\",\"name\":\"Asso Tecno Service\",\"description\":\"Collaudi e Rinnovi ATP Certificati\",\"publisher\":{\"@id\":\"https:\/\/assotecnoservice.publifarm.com\/es\/#organization\"},\"potentialAction\":[{\"@type\":\"SearchAction\",\"target\":{\"@type\":\"EntryPoint\",\"urlTemplate\":\"https:\/\/assotecnoservice.publifarm.com\/es\/?s={search_term_string}\"},\"query-input\":{\"@type\":\"PropertyValueSpecification\",\"valueRequired\":true,\"valueName\":\"search_term_string\"}}],\"inLanguage\":\"es-ES\"},{\"@type\":\"Organization\",\"@id\":\"https:\/\/assotecnoservice.publifarm.com\/es\/#organization\",\"name\":\"Asso Tecno Service\",\"url\":\"https:\/\/assotecnoservice.publifarm.com\/es\/\",\"logo\":{\"@type\":\"ImageObject\",\"inLanguage\":\"es-ES\",\"@id\":\"https:\/\/assotecnoservice.publifarm.com\/es\/#\/schema\/logo\/image\/\",\"url\":\"https:\/\/assotecnoservice.publifarm.com\/wp-content\/uploads\/2021\/10\/AssoTecnoService_logo_200x200.jpg\",\"contentUrl\":\"https:\/\/assotecnoservice.publifarm.com\/wp-content\/uploads\/2021\/10\/AssoTecnoService_logo_200x200.jpg\",\"width\":200,\"height\":200,\"caption\":\"Asso Tecno Service\"},\"image\":{\"@id\":\"https:\/\/assotecnoservice.publifarm.com\/es\/#\/schema\/logo\/image\/\"}}]}<\/script>\n<!-- \/ Yoast SEO plugin. -->","yoast_head_json":{"title":"Collaudi e Rinnovi ATP Certificati - Asso Tecno Service","description":"Asso Tecno Service \u00e8 da 30 anni leader nel settore di collaudi e rinnovi ATP certificati su mezzi per il trasporto di derrate deteriorabili.","robots":{"index":"index","follow":"follow","max-snippet":"max-snippet:-1","max-image-preview":"max-image-preview:large","max-video-preview":"max-video-preview:-1"},"canonical":"https:\/\/assotecnoservice.publifarm.com\/es\/","og_locale":"es_ES","og_type":"article","og_title":"Asso Tecno Service","og_description":"Asso Tecno Service \u00e8 da 30 anni leader nel settore di collaudi e rinnovi ATP certificati su mezzi per il trasporto di derrate deteriorabili.","og_url":"https:\/\/assotecnoservice.publifarm.com\/es\/","og_site_name":"Asso Tecno Service","article_modified_time":"2023-02-21T13:52:09+00:00","og_image":[{"width":200,"height":200,"url":"https:\/\/assotecnoservice.publifarm.com\/wp-content\/uploads\/2021\/10\/AssoTecnoService_logo_200x200.jpg","type":"image\/jpeg"}],"twitter_card":"summary_large_image","twitter_title":"Asso Tecno Service","twitter_description":"Asso Tecno Service \u00e8 da 30 anni leader nel settore di collaudi e rinnovi ATP certificati su mezzi per il trasporto di derrate deteriorabili.","twitter_image":"https:\/\/assotecnoservice.publifarm.com\/wp-content\/uploads\/2021\/10\/AssoTecnoService_logo_200x200.jpg","twitter_misc":{"Est. reading time":"1 minute"},"schema":{"@context":"https:\/\/schema.org","@graph":[{"@type":"WebPage","@id":"https:\/\/assotecnoservice.publifarm.com\/es\/","url":"https:\/\/assotecnoservice.publifarm.com\/es\/","name":"Collaudi e Rinnovi ATP Certificati - Asso Tecno Service","isPartOf":{"@id":"https:\/\/assotecnoservice.publifarm.com\/es\/#website"},"datePublished":"2021-09-30T13:25:05+00:00","dateModified":"2023-02-21T13:52:09+00:00","description":"Asso Tecno Service \u00e8 da 30 anni leader nel settore di collaudi e rinnovi ATP certificati su mezzi per il trasporto di derrate deteriorabili.","breadcrumb":{"@id":"https:\/\/assotecnoservice.publifarm.com\/es\/#breadcrumb"},"inLanguage":"es-ES","potentialAction":[{"@type":"ReadAction","target":["https:\/\/assotecnoservice.publifarm.com\/es\/"]}]},{"@type":"BreadcrumbList","@id":"https:\/\/assotecnoservice.publifarm.com\/es\/#breadcrumb","itemListElement":[{"@type":"ListItem","position":1,"name":"Home","item":"https:\/\/assotecnoservice.publifarm.com\/es\/"},{"@type":"ListItem","position":2,"name":"Home"}]},{"@type":"WebSite","@id":"https:\/\/assotecnoservice.publifarm.com\/es\/#website","url":"https:\/\/assotecnoservice.publifarm.com\/es\/","name":"Asso Tecno Service","description":"Collaudi e Rinnovi ATP Certificati","publisher":{"@id":"https:\/\/assotecnoservice.publifarm.com\/es\/#organization"},"potentialAction":[{"@type":"SearchAction","target":{"@type":"EntryPoint","urlTemplate":"https:\/\/assotecnoservice.publifarm.com\/es\/?s={search_term_string}"},"query-input":{"@type":"PropertyValueSpecification","valueRequired":true,"valueName":"search_term_string"}}],"inLanguage":"es-ES"},{"@type":"Organization","@id":"https:\/\/assotecnoservice.publifarm.com\/es\/#organization","name":"Asso Tecno Service","url":"https:\/\/assotecnoservice.publifarm.com\/es\/","logo":{"@type":"ImageObject","inLanguage":"es-ES","@id":"https:\/\/assotecnoservice.publifarm.com\/es\/#\/schema\/logo\/image\/","url":"https:\/\/assotecnoservice.publifarm.com\/wp-content\/uploads\/2021\/10\/AssoTecnoService_logo_200x200.jpg","contentUrl":"https:\/\/assotecnoservice.publifarm.com\/wp-content\/uploads\/2021\/10\/AssoTecnoService_logo_200x200.jpg","width":200,"height":200,"caption":"Asso Tecno Service"},"image":{"@id":"https:\/\/assotecnoservice.publifarm.com\/es\/#\/schema\/logo\/image\/"}}]}},"_links":{"self":[{"href":"https:\/\/assotecnoservice.publifarm.com\/es\/wp-json\/wp\/v2\/pages\/508","targetHints":{"allow":["GET"]}}],"collection":[{"href":"https:\/\/assotecnoservice.publifarm.com\/es\/wp-json\/wp\/v2\/pages"}],"about":[{"href":"https:\/\/assotecnoservice.publifarm.com\/es\/wp-json\/wp\/v2\/types\/page"}],"author":[{"embeddable":true,"href":"https:\/\/assotecnoservice.publifarm.com\/es\/wp-json\/wp\/v2\/users\/1"}],"replies":[{"embeddable":true,"href":"https:\/\/assotecnoservice.publifarm.com\/es\/wp-json\/wp\/v2\/comments?post=508"}],"version-history":[{"count":7,"href":"https:\/\/assotecnoservice.publifarm.com\/es\/wp-json\/wp\/v2\/pages\/508\/revisions"}],"predecessor-version":[{"id":755,"href":"https:\/\/assotecnoservice.publifarm.com\/es\/wp-json\/wp\/v2\/pages\/508\/revisions\/755"}],"wp:attachment":[{"href":"https:\/\/assotecnoservice.publifarm.com\/es\/wp-json\/wp\/v2\/media?parent=508"}],"curies":[{"name":"wp","href":"https:\/\/api.w.org\/{rel}","templated":true}]}}