{"id":505,"date":"2021-09-30T15:25:05","date_gmt":"2021-09-30T13:25:05","guid":{"rendered":"https:\/\/www.assotecnoservice.com\/home\/"},"modified":"2023-02-21T14:46:19","modified_gmt":"2023-02-21T13:46:19","slug":"home","status":"publish","type":"page","link":"https:\/\/assotecnoservice.publifarm.com\/en\/","title":{"rendered":"Home"},"content":{"rendered":"<section id=\"customlink_block-block_765ee432c6cf60f598fa9b7216490213\" class=\"block_video_banner fadeOnScreen\">\n<div class=\"inner_wrp\">\n    <iframe class=\"hide_mob\" src=\"https:\/\/www.youtube.com\/embed\/6L3c2LAocOM?version=3&#038;modestbranding=0&#038;controls=0&#038;cc_load_policy=0&#038;autoplay=1&#038;mute=1&#038;rel=0&#038;playsinline=0&#038;loop=1&#038;playlist=6L3c2LAocOM\"><\/iframe>\n<\/div>\n            <img decoding=\"async\" src=\"https:\/\/assotecnoservice.publifarm.com\/wp-content\/uploads\/2023\/02\/en.jpg\" alt=\"\" class=\"background-image hide_desk\" \/>\n    <div class=\"container video_caption_wrp\" >\n        <div class=\"row\">\n                          <h1>Keeping the <strong>cold chain<\/strong><br\/>uninterrupted is an essential aspect of<strong>food safety<\/strong>.<\/h1>                    <\/div>      \n    <\/div>\n<\/section>\n\n\n<section id=\"customlink_block-block_4872671c912b697dc14db64295b4ee89\" class=\" block_banner_testuale fadeOnScreen  block_margin_top  \" style=\" background-color:#002551;    max-width:1140px;; margin-left: auto; margin-right: auto;\">\n        <div class=\"container  \" >\n        <div class=\"row  titolo_e_testo_affiancato \"> \n            <div class=\"col col-sm-12 cat_wrp\">\n                               <small>OUR COMPANY<\/small>\n                            \n            <\/div>\n        <div class=\"text_wrp_title col col-md-6 col-sm-12\" style=\" color:#ffffff; \">\n                                   <h2>Asso Tecno Service<br\/>Six-yearly ATP <br\/> testing station<\/h2>\n                            <\/div>\n            <div class=\"text_wrp col col-md-6 col-sm-12\" style=\" color:#ffffff; \">\n                                   <p>Asso Tecno Service tests vehicles set up for the transportation of perishable foodstuffs in compliance with ATP regulations in high-tech isothermal tunnels; it verifies the heat transmission coefficient K of the isothermal cell, providing real-time monitoring of the entire executive process.<\/p>\n                            <\/div>\n                            <div class=\"btn_wrp col col-md-12 col-sm-12\">\n                    <button class=\"standard_btn_full\"><a href=\"https:\/\/assotecnoservice.publifarm.com\/en\/our-company\">Find out more<\/a><\/button>\n                <\/div>\n                    <\/div>      \n    <\/div>\n<\/section>\n\n\n<section id=\"customlink_block-block_52bfbecd377ac0acead77413089efbd4\" class=\" block_banner_testo_e_immagini_affiancate fadeOnScreen  block_margin_top  \" style=\" background-color:#fafafa; \">\n    <div class=\"container-fluid\">\n        <div class=\"row Immagine_testo\">\n            <div class=\"text_wrp col col-md-6 col-sm-12\">\n                              <h2> Services<\/h2>\n                                                   <p>Asso Tecno Service tests vehicles set up for the transportation of perishable foodstuffs and subjects them to isothermal efficiency trials. We carry out six-yearly ATP testing in special latest-generation isothermal tunnels in accordance with the international ATP (Accord relatif aux transports internationaux de denr\u00e9es p\u00e9rissables et aux engins sp\u00e9ciaux \u00e0 utiliser pour ces transports) regulation.<\/p>\n                                                    <button class=\"standard_btn_full\"><a href=\"https:\/\/assotecnoservice.publifarm.com\/en\/services\">Find out more<\/a><\/button>\n                            <\/div>\n            <div class=\"img_wrp col col-md-6 col-sm-12 zero_padding_left\">\n                                <img decoding=\"async\" src=\"https:\/\/assotecnoservice.publifarm.com\/wp-content\/uploads\/2021\/10\/Servizi-scaled.jpg\" alt=\"\" \/>\n                            <\/div>\n        <\/div>      \n    <\/div>\n<\/section>\n\n\n\n\n\n<section id=\"customlink_block-block_c47ddc1f447854b161de0628610bdde6\" class=\" block_banner_testuale fadeOnScreen  \" style=\" background-color:#002551;   \">\n        <div class=\"container  \" >\n        <div class=\"row   titolo_e_testo_non_affiancato \"> \n            <div class=\"col col-sm-12 cat_wrp\">\n                        \n            <\/div>\n        <div class=\"text_wrp_title col col-md-6 col-sm-12\" style=\" color:#ffffff; \">\n                            <\/div>\n            <div class=\"text_wrp col col-md-6 col-sm-12\" style=\" color:#ffffff; \">\n                                   <h3 style=\"text-align: center;\">Coming together is a beginning, staying together is progress, and working together is success<\/h3>\n<p>&nbsp;<\/p>\n<p style=\"text-align: center;\"><span style=\"color: #4b8cb8;\"><small>HENRY FORD<\/small><\/span><\/p>\n                            <\/div>\n                    <\/div>      \n    <\/div>\n<\/section>\n\n\n<section id=\"customlink_block-block_ff82727d73255ce13b064cfefd293d21\" class=\" block_banner_testo_e_immagini_affiancate fadeOnScreen   block_margin_bottom \" style=\" background-color:#fafafa; \">\n    <div class=\"container-fluid\">\n        <div class=\"row testo_immagine\">\n            <div class=\"text_wrp col col-md-6 col-sm-12\">\n                              <h2> Method<\/h2>\n                                                   <p>From the first moment of contact, we optimise the booking and testing process times. You are always the priority; we can offer you a 24-hour, seven-day-a-week service.<\/p>\n                                                    <button class=\"standard_btn_full\"><a href=\"https:\/\/assotecnoservice.publifarm.com\/en\/contacts\">Find out more<\/a><\/button>\n                            <\/div>\n            <div class=\"img_wrp col col-md-6 col-sm-12 zero_padding_left\">\n                                <img decoding=\"async\" src=\"https:\/\/assotecnoservice.publifarm.com\/wp-content\/uploads\/2021\/10\/Metodo_home.jpg\" alt=\"\" \/>\n                            <\/div>\n        <\/div>      \n    <\/div>\n<\/section>\n\n\n\n\n\n<div class=\"wpcf7 no-js\" id=\"wpcf7-f522-o1\" lang=\"en-US\" dir=\"ltr\" data-wpcf7-id=\"522\">\n<div class=\"screen-reader-response\"><p role=\"status\" aria-live=\"polite\" aria-atomic=\"true\"><\/p> <ul><\/ul><\/div>\n<form action=\"\/en\/wp-json\/wp\/v2\/pages\/505#wpcf7-f522-o1\" method=\"post\" class=\"wpcf7-form init\" aria-label=\"Contact form\" enctype=\"multipart\/form-data\" novalidate=\"novalidate\" data-status=\"init\">\n<fieldset class=\"hidden-fields-container\"><input type=\"hidden\" name=\"_wpcf7\" value=\"522\" \/><input type=\"hidden\" name=\"_wpcf7_version\" value=\"6.1.5\" \/><input type=\"hidden\" name=\"_wpcf7_locale\" value=\"en_US\" \/><input type=\"hidden\" name=\"_wpcf7_unit_tag\" value=\"wpcf7-f522-o1\" \/><input type=\"hidden\" name=\"_wpcf7_container_post\" value=\"0\" \/><input type=\"hidden\" name=\"_wpcf7_posted_data_hash\" value=\"\" \/>\n<\/fieldset>\n<div class=\"container\">\n\t<div class=\"row\">\n\t\t<div class=\"col col-md-12 col-sm-12\">\n\t\t\t<h2 class=\"conts_title_banner\"> Request a quotation\n\t\t\t<\/h2>\n\t\t<\/div>\n\t\t<div class=\"col col-md-4 col-sm-12\">\n\t\t\t<p><span class=\"wpcf7-form-control-wrap\" data-name=\"nome\"><input size=\"40\" maxlength=\"400\" class=\"wpcf7-form-control wpcf7-text\" aria-invalid=\"false\" placeholder=\"Name*\" value=\"\" type=\"text\" name=\"nome\" \/><\/span>\n\t\t\t<\/p>\n\t\t<\/div>\n\t\t<div class=\"col col-md-4 col-sm-12\">\n\t\t\t<p><span class=\"wpcf7-form-control-wrap\" data-name=\"Cognome\"><input size=\"40\" maxlength=\"400\" class=\"wpcf7-form-control wpcf7-text\" aria-invalid=\"false\" placeholder=\"Surname*\" value=\"\" type=\"text\" name=\"Cognome\" \/><\/span>\n\t\t\t<\/p>\n\t\t<\/div>\n\t\t<div class=\"col col-md-4 col-sm-12\">\n\t\t\t<p><span class=\"wpcf7-form-control-wrap\" data-name=\"Azienda\"><input size=\"40\" maxlength=\"400\" class=\"wpcf7-form-control wpcf7-text\" aria-invalid=\"false\" placeholder=\"Company*\" value=\"\" type=\"text\" name=\"Azienda\" \/><\/span>\n\t\t\t<\/p>\n\t\t<\/div>\n\t<\/div>\n\t<div class=\"row\">\n\t\t<div class=\"col col-md-4 col-sm-12\">\n\t\t\t<p><span class=\"wpcf7-form-control-wrap\" data-name=\"Telefono\"><input size=\"40\" maxlength=\"400\" class=\"wpcf7-form-control wpcf7-tel wpcf7-text wpcf7-validates-as-tel\" aria-invalid=\"false\" placeholder=\"Telephone*\" value=\"\" type=\"tel\" name=\"Telefono\" \/><\/span>\n\t\t\t<\/p>\n\t\t<\/div>\n\t\t<div class=\"col col-md-8 col-sm-12\">\n\t\t\t<p><span class=\"wpcf7-form-control-wrap\" data-name=\"email\"><input size=\"40\" maxlength=\"400\" class=\"wpcf7-form-control wpcf7-email wpcf7-text wpcf7-validates-as-email\" aria-invalid=\"false\" placeholder=\"Email*\" value=\"\" type=\"email\" name=\"email\" \/><\/span>\n\t\t\t<\/p>\n\t\t<\/div>\n\t<\/div>\n\t<div class=\"row\">\n\t\t<div class=\"col col-md-4 col-sm-12\">\n\t\t\t<p><label>Registration number* <span class=\"wpcf7-form-control-wrap\" data-name=\"Numeroditarga\"><input size=\"40\" class=\"wpcf7-form-control wpcf7-file wpcf7-validates-as-required\" accept=\"audio\/*,video\/*,image\/*\" aria-required=\"true\" aria-invalid=\"false\" type=\"file\" name=\"Numeroditarga\" \/><\/span><\/label>\n\t\t\t<\/p>\n\t\t<\/div>\n\t\t<div class=\"col col-md-4 col-sm-12\">\n\t\t\t<p><label>Scan of ATP due to expire* <span class=\"wpcf7-form-control-wrap\" data-name=\"ScansioneAT\"><input size=\"40\" class=\"wpcf7-form-control wpcf7-file wpcf7-validates-as-required\" accept=\"audio\/*,video\/*,image\/*\" aria-required=\"true\" aria-invalid=\"false\" type=\"file\" name=\"ScansioneAT\" \/><\/span> <\/label>\n\t\t\t<\/p>\n\t\t<\/div>\n\t\t<div class=\"col col-md-4 col-sm-12\">\n\t\t\t<p><label>Vehicle logbook* <span class=\"wpcf7-form-control-wrap\" data-name=\"Librettodicircolazione\"><input size=\"40\" class=\"wpcf7-form-control wpcf7-file wpcf7-validates-as-required\" accept=\"audio\/*,video\/*,image\/*\" aria-required=\"true\" aria-invalid=\"false\" type=\"file\" name=\"Librettodicircolazione\" \/><\/span> <\/label>\n\t\t\t<\/p>\n\t\t<\/div>\n\t<\/div>\n\t<div class=\"row\">\n\t\t<div class=\"col col-sm-12\">\n\t\t\t<p><span class=\"wpcf7-form-control-wrap\" data-name=\"messaggio\"><textarea cols=\"40\" rows=\"10\" maxlength=\"2000\" class=\"wpcf7-form-control wpcf7-textarea\" aria-invalid=\"false\" placeholder=\"Message\" name=\"messaggio\"><\/textarea><\/span>\n\t\t\t<\/p>\n\t\t<\/div>\n\t<\/div>\n\t<div class=\"row\">\n\t\t<div class=\"col col-sm-12 col-md-8 acceptance_wrp\">\n\t\t\t<p><span class=\"wpcf7-form-control-wrap\" data-name=\"privacy\"><span class=\"wpcf7-form-control wpcf7-acceptance\"><span class=\"wpcf7-list-item\"><input type=\"checkbox\" name=\"privacy\" value=\"1\" aria-invalid=\"false\" \/><\/span><\/span><\/span> Acknowledgement of the <a style=\"margin-bottom: -10px;\" href=\"https:\/\/assotecnoservice.publifarm.com\/wp-content\/uploads\/2023\/02\/privacy_policy_assotecnoservice_eng.pdf\" class=\"iubenda-white no-brand iubenda-noiframe  iubenda-noiframe iubenda-nostyle standard_link\" title=\"Privacy Policy \" target=\"_blank\"> Privacy Policy<\/a>\n\t\t\t<\/p>\n\n<!--<script type=\"text\/javascript\">(function (w,d) {var loader = function () {var s = d.createElement(\"script\"), tag = d.getElementsByTagName(\"script\")[0]; s.src=\"https:\/\/cdn.iubenda.com\/iubenda.js\"; tag.parentNode.insertBefore(s,tag);}; if(w.addEventListener){w.addEventListener(\"load\", loader, false);}else if(w.attachEvent){w.attachEvent(\"onload\", loader);}else{w.onload = loader;}})(window, document);<\/script>-->\n\t\t<\/div>\n\t\t<div class=\"col col-sm-12 col-md-8 acceptance_wrp\">\n\t\t\t<p><span class=\"wpcf7-form-control-wrap\" data-name=\"cookie\"><span class=\"wpcf7-form-control wpcf7-acceptance\"><span class=\"wpcf7-list-item\"><input type=\"checkbox\" name=\"cookie\" value=\"1\" aria-invalid=\"false\" \/><\/span><\/span><\/span> Authorisation for the <a style=\"margin-bottom: -10px;\" href=\"https:\/\/assotecnoservice.publifarm.com\/cookie-policy\/\" class=\"iubenda-white no-brand iubenda-noiframe iubenda-embed iubenda-noiframe iubenda-nostyle standard_link\" title=\"Cookie Policy \">processing of personal data<\/a>\n\t\t\t<\/p>\n\n<!--<script type=\"text\/javascript\">(function (w,d) {var loader = function () {var s = d.createElement(\"script\"), tag = d.getElementsByTagName(\"script\")[0]; s.src=\"https:\/\/cdn.iubenda.com\/iubenda.js\"; tag.parentNode.insertBefore(s,tag);}; if(w.addEventListener){w.addEventListener(\"load\", loader, false);}else if(w.attachEvent){w.attachEvent(\"onload\", loader);}else{w.onload = loader;}})(window, document);<\/script>-->\n\t\t<\/div>\n\t\t<div class=\"col col-sm-12 col-md-4\">\n\t\t\t<p><input class=\"wpcf7-form-control wpcf7-submit has-spinner\" type=\"submit\" value=\"Send\" \/>\n\t\t\t<\/p>\n\t\t<\/div>\n\t<\/div>\n<\/div><p style=\"display: none !important;\" class=\"akismet-fields-container\" data-prefix=\"_wpcf7_ak_\"><label>&#916;<textarea name=\"_wpcf7_ak_hp_textarea\" cols=\"45\" rows=\"8\" maxlength=\"100\"><\/textarea><\/label><input type=\"hidden\" id=\"ak_js_1\" name=\"_wpcf7_ak_js\" value=\"172\"\/><script>document.getElementById( \"ak_js_1\" ).setAttribute( \"value\", ( new Date() ).getTime() );<\/script><\/p><div class=\"wpcf7-response-output\" aria-hidden=\"true\"><\/div>\n<\/form>\n<\/div>\n\n\n\n\n<p><\/p>\n","protected":false},"excerpt":{"rendered":"","protected":false},"author":1,"featured_media":0,"parent":0,"menu_order":0,"comment_status":"closed","ping_status":"closed","template":"","meta":{"_acf_changed":false,"inline_featured_image":false,"footnotes":""},"class_list":["post-505","page","type-page","status-publish","hentry"],"acf":[],"yoast_head":"<!-- This site is optimized with the Yoast SEO plugin v27.0 - https:\/\/yoast.com\/product\/yoast-seo-wordpress\/ -->\n<title>Collaudi e Rinnovi ATP Certificati - Asso Tecno Service<\/title>\n<meta name=\"description\" content=\"Asso Tecno Service \u00e8 da 30 anni leader nel settore di collaudi e rinnovi ATP certificati su mezzi per il trasporto di derrate deteriorabili.\" \/>\n<meta name=\"robots\" content=\"index, follow, max-snippet:-1, max-image-preview:large, max-video-preview:-1\" \/>\n<link rel=\"canonical\" href=\"https:\/\/assotecnoservice.publifarm.com\/en\/\" \/>\n<meta property=\"og:locale\" content=\"en_US\" \/>\n<meta property=\"og:type\" content=\"article\" \/>\n<meta property=\"og:title\" content=\"Asso Tecno Service\" \/>\n<meta property=\"og:description\" content=\"Asso Tecno Service \u00e8 da 30 anni leader nel settore di collaudi e rinnovi ATP certificati su mezzi per il trasporto di derrate deteriorabili.\" \/>\n<meta property=\"og:url\" content=\"https:\/\/assotecnoservice.publifarm.com\/en\/\" \/>\n<meta property=\"og:site_name\" content=\"Asso Tecno Service\" \/>\n<meta property=\"article:modified_time\" content=\"2023-02-21T13:46:19+00:00\" \/>\n<meta property=\"og:image\" content=\"https:\/\/assotecnoservice.publifarm.com\/wp-content\/uploads\/2021\/10\/AssoTecnoService_logo_200x200.jpg\" \/>\n\t<meta property=\"og:image:width\" content=\"200\" \/>\n\t<meta property=\"og:image:height\" content=\"200\" \/>\n\t<meta property=\"og:image:type\" content=\"image\/jpeg\" \/>\n<meta name=\"twitter:card\" content=\"summary_large_image\" \/>\n<meta name=\"twitter:title\" content=\"Asso Tecno Service\" \/>\n<meta name=\"twitter:description\" content=\"Asso Tecno Service \u00e8 da 30 anni leader nel settore di collaudi e rinnovi ATP certificati su mezzi per il trasporto di derrate deteriorabili.\" \/>\n<meta name=\"twitter:image\" content=\"https:\/\/assotecnoservice.publifarm.com\/wp-content\/uploads\/2021\/10\/AssoTecnoService_logo_200x200.jpg\" \/>\n<meta name=\"twitter:label1\" content=\"Est. reading time\" \/>\n\t<meta name=\"twitter:data1\" content=\"1 minute\" \/>\n<script type=\"application\/ld+json\" class=\"yoast-schema-graph\">{\"@context\":\"https:\/\/schema.org\",\"@graph\":[{\"@type\":\"WebPage\",\"@id\":\"https:\/\/assotecnoservice.publifarm.com\/en\/\",\"url\":\"https:\/\/assotecnoservice.publifarm.com\/en\/\",\"name\":\"Collaudi e Rinnovi ATP Certificati - Asso Tecno Service\",\"isPartOf\":{\"@id\":\"https:\/\/assotecnoservice.publifarm.com\/en\/#website\"},\"datePublished\":\"2021-09-30T13:25:05+00:00\",\"dateModified\":\"2023-02-21T13:46:19+00:00\",\"description\":\"Asso Tecno Service \u00e8 da 30 anni leader nel settore di collaudi e rinnovi ATP certificati su mezzi per il trasporto di derrate deteriorabili.\",\"breadcrumb\":{\"@id\":\"https:\/\/assotecnoservice.publifarm.com\/en\/#breadcrumb\"},\"inLanguage\":\"en-US\",\"potentialAction\":[{\"@type\":\"ReadAction\",\"target\":[\"https:\/\/assotecnoservice.publifarm.com\/en\/\"]}]},{\"@type\":\"BreadcrumbList\",\"@id\":\"https:\/\/assotecnoservice.publifarm.com\/en\/#breadcrumb\",\"itemListElement\":[{\"@type\":\"ListItem\",\"position\":1,\"name\":\"Home\",\"item\":\"https:\/\/assotecnoservice.publifarm.com\/en\/\"},{\"@type\":\"ListItem\",\"position\":2,\"name\":\"Home\"}]},{\"@type\":\"WebSite\",\"@id\":\"https:\/\/assotecnoservice.publifarm.com\/en\/#website\",\"url\":\"https:\/\/assotecnoservice.publifarm.com\/en\/\",\"name\":\"Asso Tecno Service\",\"description\":\"Collaudi e Rinnovi ATP Certificati\",\"publisher\":{\"@id\":\"https:\/\/assotecnoservice.publifarm.com\/en\/#organization\"},\"potentialAction\":[{\"@type\":\"SearchAction\",\"target\":{\"@type\":\"EntryPoint\",\"urlTemplate\":\"https:\/\/assotecnoservice.publifarm.com\/en\/?s={search_term_string}\"},\"query-input\":{\"@type\":\"PropertyValueSpecification\",\"valueRequired\":true,\"valueName\":\"search_term_string\"}}],\"inLanguage\":\"en-US\"},{\"@type\":\"Organization\",\"@id\":\"https:\/\/assotecnoservice.publifarm.com\/en\/#organization\",\"name\":\"Asso Tecno Service\",\"url\":\"https:\/\/assotecnoservice.publifarm.com\/en\/\",\"logo\":{\"@type\":\"ImageObject\",\"inLanguage\":\"en-US\",\"@id\":\"https:\/\/assotecnoservice.publifarm.com\/en\/#\/schema\/logo\/image\/\",\"url\":\"https:\/\/assotecnoservice.publifarm.com\/wp-content\/uploads\/2021\/10\/AssoTecnoService_logo_200x200.jpg\",\"contentUrl\":\"https:\/\/assotecnoservice.publifarm.com\/wp-content\/uploads\/2021\/10\/AssoTecnoService_logo_200x200.jpg\",\"width\":200,\"height\":200,\"caption\":\"Asso Tecno Service\"},\"image\":{\"@id\":\"https:\/\/assotecnoservice.publifarm.com\/en\/#\/schema\/logo\/image\/\"}}]}<\/script>\n<!-- \/ Yoast SEO plugin. -->","yoast_head_json":{"title":"Collaudi e Rinnovi ATP Certificati - Asso Tecno Service","description":"Asso Tecno Service \u00e8 da 30 anni leader nel settore di collaudi e rinnovi ATP certificati su mezzi per il trasporto di derrate deteriorabili.","robots":{"index":"index","follow":"follow","max-snippet":"max-snippet:-1","max-image-preview":"max-image-preview:large","max-video-preview":"max-video-preview:-1"},"canonical":"https:\/\/assotecnoservice.publifarm.com\/en\/","og_locale":"en_US","og_type":"article","og_title":"Asso Tecno Service","og_description":"Asso Tecno Service \u00e8 da 30 anni leader nel settore di collaudi e rinnovi ATP certificati su mezzi per il trasporto di derrate deteriorabili.","og_url":"https:\/\/assotecnoservice.publifarm.com\/en\/","og_site_name":"Asso Tecno Service","article_modified_time":"2023-02-21T13:46:19+00:00","og_image":[{"width":200,"height":200,"url":"https:\/\/assotecnoservice.publifarm.com\/wp-content\/uploads\/2021\/10\/AssoTecnoService_logo_200x200.jpg","type":"image\/jpeg"}],"twitter_card":"summary_large_image","twitter_title":"Asso Tecno Service","twitter_description":"Asso Tecno Service \u00e8 da 30 anni leader nel settore di collaudi e rinnovi ATP certificati su mezzi per il trasporto di derrate deteriorabili.","twitter_image":"https:\/\/assotecnoservice.publifarm.com\/wp-content\/uploads\/2021\/10\/AssoTecnoService_logo_200x200.jpg","twitter_misc":{"Est. reading time":"1 minute"},"schema":{"@context":"https:\/\/schema.org","@graph":[{"@type":"WebPage","@id":"https:\/\/assotecnoservice.publifarm.com\/en\/","url":"https:\/\/assotecnoservice.publifarm.com\/en\/","name":"Collaudi e Rinnovi ATP Certificati - Asso Tecno Service","isPartOf":{"@id":"https:\/\/assotecnoservice.publifarm.com\/en\/#website"},"datePublished":"2021-09-30T13:25:05+00:00","dateModified":"2023-02-21T13:46:19+00:00","description":"Asso Tecno Service \u00e8 da 30 anni leader nel settore di collaudi e rinnovi ATP certificati su mezzi per il trasporto di derrate deteriorabili.","breadcrumb":{"@id":"https:\/\/assotecnoservice.publifarm.com\/en\/#breadcrumb"},"inLanguage":"en-US","potentialAction":[{"@type":"ReadAction","target":["https:\/\/assotecnoservice.publifarm.com\/en\/"]}]},{"@type":"BreadcrumbList","@id":"https:\/\/assotecnoservice.publifarm.com\/en\/#breadcrumb","itemListElement":[{"@type":"ListItem","position":1,"name":"Home","item":"https:\/\/assotecnoservice.publifarm.com\/en\/"},{"@type":"ListItem","position":2,"name":"Home"}]},{"@type":"WebSite","@id":"https:\/\/assotecnoservice.publifarm.com\/en\/#website","url":"https:\/\/assotecnoservice.publifarm.com\/en\/","name":"Asso Tecno Service","description":"Collaudi e Rinnovi ATP Certificati","publisher":{"@id":"https:\/\/assotecnoservice.publifarm.com\/en\/#organization"},"potentialAction":[{"@type":"SearchAction","target":{"@type":"EntryPoint","urlTemplate":"https:\/\/assotecnoservice.publifarm.com\/en\/?s={search_term_string}"},"query-input":{"@type":"PropertyValueSpecification","valueRequired":true,"valueName":"search_term_string"}}],"inLanguage":"en-US"},{"@type":"Organization","@id":"https:\/\/assotecnoservice.publifarm.com\/en\/#organization","name":"Asso Tecno Service","url":"https:\/\/assotecnoservice.publifarm.com\/en\/","logo":{"@type":"ImageObject","inLanguage":"en-US","@id":"https:\/\/assotecnoservice.publifarm.com\/en\/#\/schema\/logo\/image\/","url":"https:\/\/assotecnoservice.publifarm.com\/wp-content\/uploads\/2021\/10\/AssoTecnoService_logo_200x200.jpg","contentUrl":"https:\/\/assotecnoservice.publifarm.com\/wp-content\/uploads\/2021\/10\/AssoTecnoService_logo_200x200.jpg","width":200,"height":200,"caption":"Asso Tecno Service"},"image":{"@id":"https:\/\/assotecnoservice.publifarm.com\/en\/#\/schema\/logo\/image\/"}}]}},"_links":{"self":[{"href":"https:\/\/assotecnoservice.publifarm.com\/en\/wp-json\/wp\/v2\/pages\/505","targetHints":{"allow":["GET"]}}],"collection":[{"href":"https:\/\/assotecnoservice.publifarm.com\/en\/wp-json\/wp\/v2\/pages"}],"about":[{"href":"https:\/\/assotecnoservice.publifarm.com\/en\/wp-json\/wp\/v2\/types\/page"}],"author":[{"embeddable":true,"href":"https:\/\/assotecnoservice.publifarm.com\/en\/wp-json\/wp\/v2\/users\/1"}],"replies":[{"embeddable":true,"href":"https:\/\/assotecnoservice.publifarm.com\/en\/wp-json\/wp\/v2\/comments?post=505"}],"version-history":[{"count":7,"href":"https:\/\/assotecnoservice.publifarm.com\/en\/wp-json\/wp\/v2\/pages\/505\/revisions"}],"predecessor-version":[{"id":631,"href":"https:\/\/assotecnoservice.publifarm.com\/en\/wp-json\/wp\/v2\/pages\/505\/revisions\/631"}],"wp:attachment":[{"href":"https:\/\/assotecnoservice.publifarm.com\/en\/wp-json\/wp\/v2\/media?parent=505"}],"curies":[{"name":"wp","href":"https:\/\/api.w.org\/{rel}","templated":true}]}}